[{"id":1699,"date":"2024-01-06T10:46:31","date_gmt":"2024-01-06T10:46:31","guid":{"rendered":"https:\/\/hendersonmilldentalcare.com\/error-404\/"},"modified":"2024-06-26T18:29:52","modified_gmt":"2024-06-26T18:29:52","slug":"error-404","status":"publish","type":"page","link":"https:\/\/hendersonmilldentalcare.com\/es\/error-404\/","title":{"rendered":"Error 404"},"content":{"rendered":"<div id=\"cs-content\" class=\"cs-content\"><\/div>\n","protected":false},"excerpt":{"rendered":"<p>\u00a1Error 404!La p\u00e1gina que buscas ya no est\u00e1 aqu\u00ed, o nunca existi\u00f3 en primer lugar. Puedes intentar buscar lo que buscas utilizando el siguiente formulario. Si aun as\u00ed no obtienes los resultados que buscas, siempre puedes volver a empezar desde la p\u00e1gina de inicio.Inicio<\/p>\n <a href=\"https:\/\/hendersonmilldentalcare.com\/es\/error-404\/\" class=\"more-link x-btn x-btn-mini\" title=\"Read More\">Read More<\/a>","protected":false},"author":7,"featured_media":0,"parent":0,"menu_order":0,"comment_status":"closed","ping_status":"closed","template":"template-blank-1.php","meta":{"footnotes":""},"class_list":["post-1699","page","type-page","status-publish","hentry","no-post-thumbnail"],"_links":{"self":[{"href":"https:\/\/hendersonmilldentalcare.com\/es\/wp-json\/wp\/v2\/pages\/1699","targetHints":{"allow":["GET"]}}],"collection":[{"href":"https:\/\/hendersonmilldentalcare.com\/es\/wp-json\/wp\/v2\/pages"}],"about":[{"href":"https:\/\/hendersonmilldentalcare.com\/es\/wp-json\/wp\/v2\/types\/page"}],"author":[{"embeddable":true,"href":"https:\/\/hendersonmilldentalcare.com\/es\/wp-json\/wp\/v2\/users\/7"}],"replies":[{"embeddable":true,"href":"https:\/\/hendersonmilldentalcare.com\/es\/wp-json\/wp\/v2\/comments?post=1699"}],"version-history":[{"count":0,"href":"https:\/\/hendersonmilldentalcare.com\/es\/wp-json\/wp\/v2\/pages\/1699\/revisions"}],"wp:attachment":[{"href":"https:\/\/hendersonmilldentalcare.com\/es\/wp-json\/wp\/v2\/media?parent=1699"}],"curies":[{"name":"wp","href":"https:\/\/api.w.org\/{rel}","templated":true}]}},{"id":1698,"date":"2024-01-06T10:24:25","date_gmt":"2024-01-06T10:24:25","guid":{"rendered":"https:\/\/hendersonmilldentalcare.com\/gracias\/"},"modified":"2024-06-26T14:13:26","modified_gmt":"2024-06-26T14:13:26","slug":"gracias","status":"publish","type":"page","link":"https:\/\/hendersonmilldentalcare.com\/es\/gracias\/","title":{"rendered":"Gracias"},"content":{"rendered":"<div id=\"cs-content\" class=\"cs-content\"><\/div>\n","protected":false},"excerpt":{"rendered":"<p>Gracias. por ponerte en contacto con nosotros, te responderemos r\u00e1pidamente en cuanto recibamos tu mensaje.Visita la p\u00e1gina de inicio<\/p>\n <a href=\"https:\/\/hendersonmilldentalcare.com\/es\/gracias\/\" class=\"more-link x-btn x-btn-mini\" title=\"Read More\">Read More<\/a>","protected":false},"author":7,"featured_media":0,"parent":0,"menu_order":0,"comment_status":"closed","ping_status":"closed","template":"template-blank-1.php","meta":{"footnotes":""},"class_list":["post-1698","page","type-page","status-publish","hentry","no-post-thumbnail"],"_links":{"self":[{"href":"https:\/\/hendersonmilldentalcare.com\/es\/wp-json\/wp\/v2\/pages\/1698","targetHints":{"allow":["GET"]}}],"collection":[{"href":"https:\/\/hendersonmilldentalcare.com\/es\/wp-json\/wp\/v2\/pages"}],"about":[{"href":"https:\/\/hendersonmilldentalcare.com\/es\/wp-json\/wp\/v2\/types\/page"}],"author":[{"embeddable":true,"href":"https:\/\/hendersonmilldentalcare.com\/es\/wp-json\/wp\/v2\/users\/7"}],"replies":[{"embeddable":true,"href":"https:\/\/hendersonmilldentalcare.com\/es\/wp-json\/wp\/v2\/comments?post=1698"}],"version-history":[{"count":0,"href":"https:\/\/hendersonmilldentalcare.com\/es\/wp-json\/wp\/v2\/pages\/1698\/revisions"}],"wp:attachment":[{"href":"https:\/\/hendersonmilldentalcare.com\/es\/wp-json\/wp\/v2\/media?parent=1698"}],"curies":[{"name":"wp","href":"https:\/\/api.w.org\/{rel}","templated":true}]}},{"id":1693,"date":"2023-12-11T10:39:28","date_gmt":"2023-12-11T10:39:28","guid":{"rendered":"https:\/\/hendersonmilldentalcare.com\/sedacion-oral\/"},"modified":"2024-06-26T14:13:24","modified_gmt":"2024-06-26T14:13:24","slug":"sedacion-oral","status":"publish","type":"page","link":"https:\/\/hendersonmilldentalcare.com\/es\/sedacion-oral\/","title":{"rendered":"Sedaci\u00f3n oral"},"content":{"rendered":"<div id=\"cs-content\" class=\"cs-content\"><\/div>\n","protected":false},"excerpt":{"rendered":"<p>Experimenta una visita al dentista m\u00e1s agradable con la sedaci\u00f3n oral La ansiedad dental es un problema frecuente que impide a muchas personas buscar la atenci\u00f3n dental que necesitan. Afortunadamente, Henderson Mill Dental Care de Atlanta, GA, ofrece soluciones para aliviar estas ansiedades, y una de las opciones m\u00e1s populares es la sedaci\u00f3n oral. \u00bfQu\u00e9 es la sedaci\u00f3n oral? La &#8230;<\/p>\n <a href=\"https:\/\/hendersonmilldentalcare.com\/es\/sedacion-oral\/\" class=\"more-link x-btn x-btn-mini\" title=\"Read More\">Read More<\/a>","protected":false},"author":7,"featured_media":0,"parent":0,"menu_order":0,"comment_status":"closed","ping_status":"closed","template":"template-blank-4.php","meta":{"footnotes":""},"class_list":["post-1693","page","type-page","status-publish","hentry","no-post-thumbnail"],"_links":{"self":[{"href":"https:\/\/hendersonmilldentalcare.com\/es\/wp-json\/wp\/v2\/pages\/1693","targetHints":{"allow":["GET"]}}],"collection":[{"href":"https:\/\/hendersonmilldentalcare.com\/es\/wp-json\/wp\/v2\/pages"}],"about":[{"href":"https:\/\/hendersonmilldentalcare.com\/es\/wp-json\/wp\/v2\/types\/page"}],"author":[{"embeddable":true,"href":"https:\/\/hendersonmilldentalcare.com\/es\/wp-json\/wp\/v2\/users\/7"}],"replies":[{"embeddable":true,"href":"https:\/\/hendersonmilldentalcare.com\/es\/wp-json\/wp\/v2\/comments?post=1693"}],"version-history":[{"count":0,"href":"https:\/\/hendersonmilldentalcare.com\/es\/wp-json\/wp\/v2\/pages\/1693\/revisions"}],"wp:attachment":[{"href":"https:\/\/hendersonmilldentalcare.com\/es\/wp-json\/wp\/v2\/media?parent=1693"}],"curies":[{"name":"wp","href":"https:\/\/api.w.org\/{rel}","templated":true}]}},{"id":1704,"date":"2023-12-11T10:30:19","date_gmt":"2023-12-11T10:30:19","guid":{"rendered":"https:\/\/hendersonmilldentalcare.com\/blanqueamiento-dental-kor\/"},"modified":"2024-06-26T18:23:37","modified_gmt":"2024-06-26T18:23:37","slug":"blanqueamiento-dental-kor","status":"publish","type":"page","link":"https:\/\/hendersonmilldentalcare.com\/es\/blanqueamiento-dental-kor\/","title":{"rendered":"Blanqueamiento dental Kor"},"content":{"rendered":"<div id=\"cs-content\" class=\"cs-content\"><\/div>\n","protected":false},"excerpt":{"rendered":"<p>Te espera una sonrisa m\u00e1s blanca y brillante con el blanqueamiento dental Kor Si sue\u00f1as con una sonrisa deslumbrante que atraiga todas las miradas y aumente tu confianza, no busques m\u00e1s all\u00e1 del Blanqueamiento dental Kor. Este revolucionario tratamiento dental de Henderson Mill Dental Care en Atlanta, GA, puede transformar tus dientes y darte la sonrisa radiante que siempre has &#8230;<\/p>\n <a href=\"https:\/\/hendersonmilldentalcare.com\/es\/blanqueamiento-dental-kor\/\" class=\"more-link x-btn x-btn-mini\" title=\"Read More\">Read More<\/a>","protected":false},"author":7,"featured_media":0,"parent":0,"menu_order":0,"comment_status":"closed","ping_status":"closed","template":"template-blank-4.php","meta":{"footnotes":""},"class_list":["post-1704","page","type-page","status-publish","hentry","no-post-thumbnail"],"_links":{"self":[{"href":"https:\/\/hendersonmilldentalcare.com\/es\/wp-json\/wp\/v2\/pages\/1704","targetHints":{"allow":["GET"]}}],"collection":[{"href":"https:\/\/hendersonmilldentalcare.com\/es\/wp-json\/wp\/v2\/pages"}],"about":[{"href":"https:\/\/hendersonmilldentalcare.com\/es\/wp-json\/wp\/v2\/types\/page"}],"author":[{"embeddable":true,"href":"https:\/\/hendersonmilldentalcare.com\/es\/wp-json\/wp\/v2\/users\/7"}],"replies":[{"embeddable":true,"href":"https:\/\/hendersonmilldentalcare.com\/es\/wp-json\/wp\/v2\/comments?post=1704"}],"version-history":[{"count":0,"href":"https:\/\/hendersonmilldentalcare.com\/es\/wp-json\/wp\/v2\/pages\/1704\/revisions"}],"wp:attachment":[{"href":"https:\/\/hendersonmilldentalcare.com\/es\/wp-json\/wp\/v2\/media?parent=1704"}],"curies":[{"name":"wp","href":"https:\/\/api.w.org\/{rel}","templated":true}]}},{"id":1719,"date":"2023-12-11T10:19:58","date_gmt":"2023-12-11T10:19:58","guid":{"rendered":"https:\/\/hendersonmilldentalcare.com\/invisalign\/"},"modified":"2024-06-26T14:13:01","modified_gmt":"2024-06-26T14:13:01","slug":"invisalign","status":"publish","type":"page","link":"https:\/\/hendersonmilldentalcare.com\/es\/invisalign\/","title":{"rendered":"Invisalign"},"content":{"rendered":"<div id=\"cs-content\" class=\"cs-content\"><\/div>\n","protected":false},"excerpt":{"rendered":"<p>Las sonrisas bonitas nacen con Invisalign en Atlanta, GA&nbsp; Invisalign\u00ae es una innovadora soluci\u00f3n de ortodoncia que ha revolucionado la forma en que enfocamos el enderezamiento de los dientes en Henderson Mill Dental Care de Atlanta, GA. A diferencia de los aparatos tradicionales, que utilizan brackets met\u00e1licos y alambres, Invisalign \u00ae consiste en llevar una serie de alineadores de pl\u00e1stico &#8230;<\/p>\n <a href=\"https:\/\/hendersonmilldentalcare.com\/es\/invisalign\/\" class=\"more-link x-btn x-btn-mini\" title=\"Read More\">Read More<\/a>","protected":false},"author":7,"featured_media":0,"parent":0,"menu_order":0,"comment_status":"closed","ping_status":"closed","template":"template-blank-4.php","meta":{"footnotes":""},"class_list":["post-1719","page","type-page","status-publish","hentry","no-post-thumbnail"],"_links":{"self":[{"href":"https:\/\/hendersonmilldentalcare.com\/es\/wp-json\/wp\/v2\/pages\/1719","targetHints":{"allow":["GET"]}}],"collection":[{"href":"https:\/\/hendersonmilldentalcare.com\/es\/wp-json\/wp\/v2\/pages"}],"about":[{"href":"https:\/\/hendersonmilldentalcare.com\/es\/wp-json\/wp\/v2\/types\/page"}],"author":[{"embeddable":true,"href":"https:\/\/hendersonmilldentalcare.com\/es\/wp-json\/wp\/v2\/users\/7"}],"replies":[{"embeddable":true,"href":"https:\/\/hendersonmilldentalcare.com\/es\/wp-json\/wp\/v2\/comments?post=1719"}],"version-history":[{"count":0,"href":"https:\/\/hendersonmilldentalcare.com\/es\/wp-json\/wp\/v2\/pages\/1719\/revisions"}],"wp:attachment":[{"href":"https:\/\/hendersonmilldentalcare.com\/es\/wp-json\/wp\/v2\/media?parent=1719"}],"curies":[{"name":"wp","href":"https:\/\/api.w.org\/{rel}","templated":true}]}},{"id":1696,"date":"2023-12-11T09:58:25","date_gmt":"2023-12-11T09:58:25","guid":{"rendered":"https:\/\/hendersonmilldentalcare.com\/ortodoncia-rapida\/"},"modified":"2024-06-26T18:29:51","modified_gmt":"2024-06-26T18:29:51","slug":"ortodoncia-rapida","status":"publish","type":"page","link":"https:\/\/hendersonmilldentalcare.com\/es\/ortodoncia-rapida\/","title":{"rendered":"Ortodoncia r\u00e1pida"},"content":{"rendered":"<div id=\"cs-content\" class=\"cs-content\"><\/div>\n","protected":false},"excerpt":{"rendered":"<p>Endereza tu sonrisa r\u00e1pida y eficazmente con Fastbraces \u00ae. Si sue\u00f1as con una sonrisa m\u00e1s recta pero quieres conseguir resultados en menos tiempo, entonces los Fastbraces pueden ser tu soluci\u00f3n. En Henderson Mill Dental Care de Atlanta, GA, Fastbraces es un revolucionario tratamiento de ortodoncia dise\u00f1ado para enderezar los dientes m\u00e1s r\u00e1pida y eficazmente que los aparatos tradicionales. \u00bfC\u00f3mo funciona &#8230;<\/p>\n <a href=\"https:\/\/hendersonmilldentalcare.com\/es\/ortodoncia-rapida\/\" class=\"more-link x-btn x-btn-mini\" title=\"Read More\">Read More<\/a>","protected":false},"author":7,"featured_media":0,"parent":0,"menu_order":0,"comment_status":"closed","ping_status":"closed","template":"template-blank-4.php","meta":{"footnotes":""},"class_list":["post-1696","page","type-page","status-publish","hentry","no-post-thumbnail"],"_links":{"self":[{"href":"https:\/\/hendersonmilldentalcare.com\/es\/wp-json\/wp\/v2\/pages\/1696","targetHints":{"allow":["GET"]}}],"collection":[{"href":"https:\/\/hendersonmilldentalcare.com\/es\/wp-json\/wp\/v2\/pages"}],"about":[{"href":"https:\/\/hendersonmilldentalcare.com\/es\/wp-json\/wp\/v2\/types\/page"}],"author":[{"embeddable":true,"href":"https:\/\/hendersonmilldentalcare.com\/es\/wp-json\/wp\/v2\/users\/7"}],"replies":[{"embeddable":true,"href":"https:\/\/hendersonmilldentalcare.com\/es\/wp-json\/wp\/v2\/comments?post=1696"}],"version-history":[{"count":0,"href":"https:\/\/hendersonmilldentalcare.com\/es\/wp-json\/wp\/v2\/pages\/1696\/revisions"}],"wp:attachment":[{"href":"https:\/\/hendersonmilldentalcare.com\/es\/wp-json\/wp\/v2\/media?parent=1696"}],"curies":[{"name":"wp","href":"https:\/\/api.w.org\/{rel}","templated":true}]}},{"id":1705,"date":"2023-12-11T09:29:34","date_gmt":"2023-12-11T09:29:34","guid":{"rendered":"https:\/\/hendersonmilldentalcare.com\/odontologia-de-urgencia\/"},"modified":"2024-06-26T18:29:53","modified_gmt":"2024-06-26T18:29:53","slug":"odontologia-de-urgencia","status":"publish","type":"page","link":"https:\/\/hendersonmilldentalcare.com\/es\/odontologia-de-urgencia\/","title":{"rendered":"Odontolog\u00eda de urgencia"},"content":{"rendered":"<div id=\"cs-content\" class=\"cs-content\"><\/div>\n","protected":false},"excerpt":{"rendered":"<p>Consigue alivio cuando m\u00e1s lo necesitas con la odontolog\u00eda de urgencia en Atlanta Cuando se trata de asistencia sanitaria, a menudo nos planteamos visitar al m\u00e9dico por diversas dolencias. Sin embargo, las urgencias dentales son igual de cr\u00edticas y requieren atenci\u00f3n inmediata. Entender lo que constituye una urgencia dental y las ventajas de buscar tratamiento inmediato en Henderson Mill Dental &#8230;<\/p>\n <a href=\"https:\/\/hendersonmilldentalcare.com\/es\/odontologia-de-urgencia\/\" class=\"more-link x-btn x-btn-mini\" title=\"Read More\">Read More<\/a>","protected":false},"author":7,"featured_media":0,"parent":0,"menu_order":0,"comment_status":"closed","ping_status":"closed","template":"template-blank-4.php","meta":{"footnotes":""},"class_list":["post-1705","page","type-page","status-publish","hentry","no-post-thumbnail"],"_links":{"self":[{"href":"https:\/\/hendersonmilldentalcare.com\/es\/wp-json\/wp\/v2\/pages\/1705","targetHints":{"allow":["GET"]}}],"collection":[{"href":"https:\/\/hendersonmilldentalcare.com\/es\/wp-json\/wp\/v2\/pages"}],"about":[{"href":"https:\/\/hendersonmilldentalcare.com\/es\/wp-json\/wp\/v2\/types\/page"}],"author":[{"embeddable":true,"href":"https:\/\/hendersonmilldentalcare.com\/es\/wp-json\/wp\/v2\/users\/7"}],"replies":[{"embeddable":true,"href":"https:\/\/hendersonmilldentalcare.com\/es\/wp-json\/wp\/v2\/comments?post=1705"}],"version-history":[{"count":0,"href":"https:\/\/hendersonmilldentalcare.com\/es\/wp-json\/wp\/v2\/pages\/1705\/revisions"}],"wp:attachment":[{"href":"https:\/\/hendersonmilldentalcare.com\/es\/wp-json\/wp\/v2\/media?parent=1705"}],"curies":[{"name":"wp","href":"https:\/\/api.w.org\/{rel}","templated":true}]}},{"id":1714,"date":"2023-12-11T08:25:10","date_gmt":"2023-12-11T08:25:10","guid":{"rendered":"https:\/\/hendersonmilldentalcare.com\/cosmetica\/"},"modified":"2024-06-26T18:29:52","modified_gmt":"2024-06-26T18:29:52","slug":"cosmetica","status":"publish","type":"page","link":"https:\/\/hendersonmilldentalcare.com\/es\/cosmetica\/","title":{"rendered":"Cosm\u00e9tica"},"content":{"rendered":"<div id=\"cs-content\" class=\"cs-content\"><\/div>\n","protected":false},"excerpt":{"rendered":"<p>Saca el m\u00e1ximo partido a tu sonrisa con la odontolog\u00eda cosm\u00e9tica en Henderson La odontolog\u00eda cosm\u00e9tica ha revolucionado la forma de enfocar la salud bucal y la est\u00e9tica, fusionando el cuidado dental con el arte de crear una bella sonrisa. En Henderson Mill Dental Care de Atlanta, GA, este campo especializado abarca diversos procedimientos, cada uno de ellos dise\u00f1ado para &#8230;<\/p>\n <a href=\"https:\/\/hendersonmilldentalcare.com\/es\/cosmetica\/\" class=\"more-link x-btn x-btn-mini\" title=\"Read More\">Read More<\/a>","protected":false},"author":7,"featured_media":0,"parent":0,"menu_order":0,"comment_status":"closed","ping_status":"closed","template":"template-blank-4.php","meta":{"footnotes":""},"class_list":["post-1714","page","type-page","status-publish","hentry","no-post-thumbnail"],"_links":{"self":[{"href":"https:\/\/hendersonmilldentalcare.com\/es\/wp-json\/wp\/v2\/pages\/1714","targetHints":{"allow":["GET"]}}],"collection":[{"href":"https:\/\/hendersonmilldentalcare.com\/es\/wp-json\/wp\/v2\/pages"}],"about":[{"href":"https:\/\/hendersonmilldentalcare.com\/es\/wp-json\/wp\/v2\/types\/page"}],"author":[{"embeddable":true,"href":"https:\/\/hendersonmilldentalcare.com\/es\/wp-json\/wp\/v2\/users\/7"}],"replies":[{"embeddable":true,"href":"https:\/\/hendersonmilldentalcare.com\/es\/wp-json\/wp\/v2\/comments?post=1714"}],"version-history":[{"count":0,"href":"https:\/\/hendersonmilldentalcare.com\/es\/wp-json\/wp\/v2\/pages\/1714\/revisions"}],"wp:attachment":[{"href":"https:\/\/hendersonmilldentalcare.com\/es\/wp-json\/wp\/v2\/media?parent=1714"}],"curies":[{"name":"wp","href":"https:\/\/api.w.org\/{rel}","templated":true}]}},{"id":1703,"date":"2023-11-30T13:19:28","date_gmt":"2023-11-30T13:19:28","guid":{"rendered":"https:\/\/hendersonmilldentalcare.com\/mapa-del-sitio\/"},"modified":"2024-06-26T14:13:00","modified_gmt":"2024-06-26T14:13:00","slug":"mapa-del-sitio","status":"publish","type":"page","link":"https:\/\/hendersonmilldentalcare.com\/es\/mapa-del-sitio\/","title":{"rendered":"Mapa del sitio"},"content":{"rendered":"\n<ul class=\"wp-block-list\">\n<li><a href=\"https:\/\/hendersonmilldentalcare.com\/es\/\">Inicio<\/a><\/li>\n\n\n\n<li><a href=\"https:\/\/hendersonmilldentalcare.com\/es\/sobre-nosotros\/\">Sobre nosotros<\/a><\/li>\n\n\n\n<li><a href=\"https:\/\/hendersonmilldentalcare.com\/es\/servicios\/\">Servicios<\/a>\n<ul class=\"wp-block-list\">\n<li><a href=\"https:\/\/hendersonmilldentalcare.com\/es\/cosmetica\/\">Cosm\u00e9tica<\/a><\/li>\n\n\n\n<li><a href=\"https:\/\/hendersonmilldentalcare.com\/es\/coronas-y-puentes\/\">Coronas y puentes<\/a><\/li>\n\n\n\n<li><a href=\"https:\/\/hendersonmilldentalcare.com\/es\/implantes-dentales\/\">Implantes dentales<\/a><\/li>\n\n\n\n<li><a href=\"https:\/\/hendersonmilldentalcare.com\/es\/odontologia-de-urgencia\/\">Odontolog\u00eda de urgencia<\/a><\/li>\n\n\n\n<li><a href=\"https:\/\/hendersonmilldentalcare.com\/es\/odontologia-familiar\/\">Odontolog\u00eda familiar<\/a><\/li>\n\n\n\n<li><a href=\"https:\/\/hendersonmilldentalcare.com\/es\/ortodoncia-rapida\/\">Fastbraces<\/a><\/li>\n\n\n\n<li><a href=\"https:\/\/hendersonmilldentalcare.com\/es\/invisalign\/\"><sup>Invisalign<\/sup><\/a><\/li>\n\n\n\n<li><a href=\"https:\/\/hendersonmilldentalcare.com\/es\/blanqueamiento-dental-kor\/\">Blanqueamiento dental Kor<\/a><\/li>\n\n\n\n<li><a href=\"https:\/\/hendersonmilldentalcare.com\/es\/sedacion-oral\/\">Sedaci\u00f3n oral<\/a><\/li>\n\n\n\n<li><a href=\"https:\/\/hendersonmilldentalcare.com\/es\/endodoncia\/\">Endodoncia<\/a><\/li>\n<\/ul>\n<\/li>\n\n\n\n<li><a href=\"https:\/\/hendersonmilldentalcare.com\/es\/nuevos-pacientes\/\">Nuevos pacientes<\/a><\/li>\n\n\n\n<li><a href=\"https:\/\/hendersonmilldentalcare.com\/es\/especiales\/\">Especiales<\/a><\/li>\n\n\n\n<li><a href=\"https:\/\/hendersonmilldentalcare.com\/es\/resenas\/\">Comentarios<\/a><\/li>\n\n\n\n<li><a href=\"https:\/\/hendersonmilldentalcare.com\/es\/contacto\/\">Ponte en contacto con<\/a><\/li>\n<\/ul>\n","protected":false},"excerpt":{"rendered":" <a href=\"https:\/\/hendersonmilldentalcare.com\/es\/mapa-del-sitio\/\" class=\"more-link x-btn x-btn-mini\" title=\"Read More\">Read More<\/a>","protected":false},"author":7,"featured_media":0,"parent":0,"menu_order":0,"comment_status":"closed","ping_status":"closed","template":"template-blank-4.php","meta":{"footnotes":""},"class_list":["post-1703","page","type-page","status-publish","hentry","no-post-thumbnail"],"_links":{"self":[{"href":"https:\/\/hendersonmilldentalcare.com\/es\/wp-json\/wp\/v2\/pages\/1703","targetHints":{"allow":["GET"]}}],"collection":[{"href":"https:\/\/hendersonmilldentalcare.com\/es\/wp-json\/wp\/v2\/pages"}],"about":[{"href":"https:\/\/hendersonmilldentalcare.com\/es\/wp-json\/wp\/v2\/types\/page"}],"author":[{"embeddable":true,"href":"https:\/\/hendersonmilldentalcare.com\/es\/wp-json\/wp\/v2\/users\/7"}],"replies":[{"embeddable":true,"href":"https:\/\/hendersonmilldentalcare.com\/es\/wp-json\/wp\/v2\/comments?post=1703"}],"version-history":[{"count":0,"href":"https:\/\/hendersonmilldentalcare.com\/es\/wp-json\/wp\/v2\/pages\/1703\/revisions"}],"wp:attachment":[{"href":"https:\/\/hendersonmilldentalcare.com\/es\/wp-json\/wp\/v2\/media?parent=1703"}],"curies":[{"name":"wp","href":"https:\/\/api.w.org\/{rel}","templated":true}]}},{"id":1710,"date":"2023-11-29T12:58:14","date_gmt":"2023-11-29T12:58:14","guid":{"rendered":"https:\/\/hendersonmilldentalcare.com\/endodoncia\/"},"modified":"2024-06-26T18:23:26","modified_gmt":"2024-06-26T18:23:26","slug":"endodoncia","status":"publish","type":"page","link":"https:\/\/hendersonmilldentalcare.com\/es\/endodoncia\/","title":{"rendered":"Endodoncia"},"content":{"rendered":"<p><div id=\"cs-content\" class=\"cs-content\"><\/div><\/p>\n","protected":false},"excerpt":{"rendered":"<p>Consigue alivio y salva tu sonrisa con una endodoncia en Henderson, Atlanta, GA Las endodoncias se han ganado la reputaci\u00f3n de ser uno de los procedimientos dentales m\u00e1s temidos, pero tambi\u00e9n son uno de los m\u00e1s incomprendidos. En realidad, las endodoncias en Henderson Mill Dental Care de Atlanta, GA, son un tratamiento dental que puede salvar tus dientes naturales y &#8230;<\/p>\n <a href=\"https:\/\/hendersonmilldentalcare.com\/es\/endodoncia\/\" class=\"more-link x-btn x-btn-mini\" title=\"Read More\">Read More<\/a>","protected":false},"author":7,"featured_media":0,"parent":0,"menu_order":0,"comment_status":"closed","ping_status":"closed","template":"template-blank-4.php","meta":{"footnotes":""},"class_list":["post-1710","page","type-page","status-publish","hentry","no-post-thumbnail"],"_links":{"self":[{"href":"https:\/\/hendersonmilldentalcare.com\/es\/wp-json\/wp\/v2\/pages\/1710","targetHints":{"allow":["GET"]}}],"collection":[{"href":"https:\/\/hendersonmilldentalcare.com\/es\/wp-json\/wp\/v2\/pages"}],"about":[{"href":"https:\/\/hendersonmilldentalcare.com\/es\/wp-json\/wp\/v2\/types\/page"}],"author":[{"embeddable":true,"href":"https:\/\/hendersonmilldentalcare.com\/es\/wp-json\/wp\/v2\/users\/7"}],"replies":[{"embeddable":true,"href":"https:\/\/hendersonmilldentalcare.com\/es\/wp-json\/wp\/v2\/comments?post=1710"}],"version-history":[{"count":0,"href":"https:\/\/hendersonmilldentalcare.com\/es\/wp-json\/wp\/v2\/pages\/1710\/revisions"}],"wp:attachment":[{"href":"https:\/\/hendersonmilldentalcare.com\/es\/wp-json\/wp\/v2\/media?parent=1710"}],"curies":[{"name":"wp","href":"https:\/\/api.w.org\/{rel}","templated":true}]}}]